{"id":1247,"date":"2017-06-10T08:21:56","date_gmt":"2017-06-10T08:21:56","guid":{"rendered":"http:\/\/xtratheme.com\/business\/?page_id=4"},"modified":"2024-02-27T16:33:35","modified_gmt":"2024-02-27T15:33:35","slug":"home","status":"publish","type":"page","link":"https:\/\/lei.sarl\/","title":{"rendered":"Accueil"},"content":{"rendered":"<div class=\"wpb-content-wrapper\"><p>[vc_row][vc_column]<div class=\"cz_gap clr  hide_on_tablet hide_on_mobile\" style=\"height: 50px\"><\/div><div class=\"cz_gap show_on_tablet clr \" style=\"height: 0px\"><\/div>[\/vc_column][\/vc_row][vc_row css=&#8221;.vc_custom_1572080700290{margin-bottom: -100px !important;}&#8221;][vc_column width=&#8221;1\/2&#8243; offset=&#8221;vc_col-lg-3&#8243;]<a href=\"http:\/\/lei.sarl\/index.php\/nos-partenaires\/\" title=\"Nos Partenaires\"><div id=\"cz_23014\" class=\"cz_23014 services clr style11 cz_sbi_fx_10 services_b\"><div class=\"service_img\"><img decoding=\"async\" width=\"512\" height=\"512\" src=\"data:image\/svg+xml,%3Csvg%20xmlns%3D&#39;http%3A%2F%2Fwww.w3.org%2F2000%2Fsvg&#39;%20width=&#39;512&#39;%20height=&#39;512&#39;%20viewBox%3D&#39;0%200%20512%20512&#39;%2F%3E\" data-czlz data-src=\"https:\/\/lei.sarl\/wp-content\/uploads\/2024\/01\/paw.png\" class=\"service-icon attachment-full\" alt=\"\" title=\"paw\" data-srcset=\"https:\/\/lei.sarl\/wp-content\/uploads\/2024\/01\/paw.png 512w, https:\/\/lei.sarl\/wp-content\/uploads\/2024\/01\/paw-300x300.png 300w, https:\/\/lei.sarl\/wp-content\/uploads\/2024\/01\/paw-150x150.png 150w\" data-sizes=\"(max-width: 512px) 100vw, 512px\" \/><\/div><div class=\"service_text\"><h3>V\u00e9t\u00e9rinaire<\/h3><div class=\"cz_wpe_content\">Syst\u00e8mes pour la technologie de reproduction des animaux d\u2019\u00e9levage et de compagnie dans l\u2019ins\u00e9mination artificielle<\/div><\/div><\/div><\/a>[\/vc_column][vc_column width=&#8221;1\/2&#8243; offset=&#8221;vc_col-lg-3&#8243;]<a href=\"http:\/\/lei.sarl\/index.php\/nos-partenaires\/\" title=\"Nos Partenaires\"><div id=\"cz_26119\" class=\"cz_26119 services clr style11 cz_sbi_fx_10 services_b\"><div class=\"service_img\"><img decoding=\"async\" width=\"512\" height=\"512\" src=\"data:image\/svg+xml,%3Csvg%20xmlns%3D&#39;http%3A%2F%2Fwww.w3.org%2F2000%2Fsvg&#39;%20width=&#39;512&#39;%20height=&#39;512&#39;%20viewBox%3D&#39;0%200%20512%20512&#39;%2F%3E\" data-czlz data-src=\"https:\/\/lei.sarl\/wp-content\/uploads\/2024\/01\/factory.png\" class=\"service-icon attachment-full\" alt=\"\" title=\"factory\" data-srcset=\"https:\/\/lei.sarl\/wp-content\/uploads\/2024\/01\/factory.png 512w, https:\/\/lei.sarl\/wp-content\/uploads\/2024\/01\/factory-300x300.png 300w, https:\/\/lei.sarl\/wp-content\/uploads\/2024\/01\/factory-150x150.png 150w\" data-sizes=\"(max-width: 512px) 100vw, 512px\" \/><\/div><div class=\"service_text\"><h3>Industrie<\/h3><div class=\"cz_wpe_content\">R\u00e9actifs, consommables, \u00e9quipements de laboratoires, appareils de contr\u00f4le qualit\u00e9, hygi\u00e8ne et s\u00e9curit\u00e9<\/div><\/div><\/div><\/a><div class=\"cz_gap clr  hide_on_tablet hide_on_mobile\" style=\"height: 0px\"><\/div><div class=\"cz_gap show_on_tablet clr \" style=\"height: 30px\"><\/div>[\/vc_column][vc_column width=&#8221;1\/2&#8243; offset=&#8221;vc_col-lg-3&#8243;]<a href=\"http:\/\/lei.sarl\/index.php\/nos-partenaires\/\" title=\"Nos Partenaires\"><div id=\"cz_68927\" class=\"cz_68927 services clr style11 cz_sbi_fx_10 services_b\"><div class=\"service_img\"><img decoding=\"async\" width=\"512\" height=\"512\" src=\"data:image\/svg+xml,%3Csvg%20xmlns%3D&#39;http%3A%2F%2Fwww.w3.org%2F2000%2Fsvg&#39;%20width=&#39;512&#39;%20height=&#39;512&#39;%20viewBox%3D&#39;0%200%20512%20512&#39;%2F%3E\" data-czlz data-src=\"https:\/\/lei.sarl\/wp-content\/uploads\/2024\/01\/bio.png\" class=\"service-icon attachment-full\" alt=\"\" title=\"bio\" data-srcset=\"https:\/\/lei.sarl\/wp-content\/uploads\/2024\/01\/bio.png 512w, https:\/\/lei.sarl\/wp-content\/uploads\/2024\/01\/bio-300x300.png 300w, https:\/\/lei.sarl\/wp-content\/uploads\/2024\/01\/bio-150x150.png 150w\" data-sizes=\"(max-width: 512px) 100vw, 512px\" \/><\/div><div class=\"service_text\"><h3>Environnement<\/h3><div class=\"cz_wpe_content\">\u00c9quipements, instruments analytiques, r\u00e9actifs pour tester la qualit\u00e9 des solutions liquides<\/div><\/div><\/div><\/a><div class=\"cz_gap clr  hide_on_tablet hide_on_mobile\" style=\"height: 0px\"><\/div><div class=\"cz_gap show_on_tablet clr \" style=\"height: 30px\"><\/div>[\/vc_column][vc_column width=&#8221;1\/2&#8243; offset=&#8221;vc_col-lg-3&#8243;]<a href=\"http:\/\/lei.sarl\/index.php\/nos-partenaires\/\" title=\"Nos Partenaires\"><div id=\"cz_106032\" class=\"cz_106032 services clr style11 cz_sbi_fx_10 services_b\"><div class=\"service_img\"><img decoding=\"async\" width=\"512\" height=\"512\" src=\"data:image\/svg+xml,%3Csvg%20xmlns%3D&#39;http%3A%2F%2Fwww.w3.org%2F2000%2Fsvg&#39;%20width=&#39;512&#39;%20height=&#39;512&#39;%20viewBox%3D&#39;0%200%20512%20512&#39;%2F%3E\" data-czlz data-src=\"https:\/\/lei.sarl\/wp-content\/uploads\/2024\/01\/scientific.png\" class=\"service-icon attachment-full\" alt=\"\" title=\"scientific\" data-srcset=\"https:\/\/lei.sarl\/wp-content\/uploads\/2024\/01\/scientific.png 512w, https:\/\/lei.sarl\/wp-content\/uploads\/2024\/01\/scientific-300x300.png 300w, https:\/\/lei.sarl\/wp-content\/uploads\/2024\/01\/scientific-150x150.png 150w\" data-sizes=\"(max-width: 512px) 100vw, 512px\" \/><\/div><div class=\"service_text\"><h3>Recherche Biomol\u00e9culaire<\/h3><div class=\"cz_wpe_content\">Produits pour l\u2019\u00e9lectrophor\u00e8se et la recherche en science de la vie<\/div><\/div><\/div><\/a>[\/vc_column][\/vc_row][vc_row full_width=&#8221;stretch_row&#8221; css=&#8221;.vc_custom_1587281579161{background-color: rgba(75,205,219,0.07) !important;*background-color: rgb(75,205,219) !important;}&#8221;][vc_column]<div class=\"cz_gap clr  hide_on_mobile\" style=\"height: 125px\"><\/div><div class=\"cz_gap show_on_mobile clr\" style=\"height: 175px\"><\/div>[vc_row_inner el_class=&#8221;cz_reverse_row&#8221;][vc_column_inner width=&#8221;1\/2&#8243;]<div id=\"cz_23456\" class=\"cz_23456 cz_image clr cz_image_no_fx center_on_mobile\"><div class=\"\" ><div class=\"cz_image_in\"><div class=\"cz_main_image\"><img decoding=\"async\" width=\"1000\" height=\"1000\" src=\"data:image\/svg+xml,%3Csvg%20xmlns%3D&#39;http%3A%2F%2Fwww.w3.org%2F2000%2Fsvg&#39;%20width=&#39;1000&#39;%20height=&#39;1000&#39;%20viewBox%3D&#39;0%200%201000%201000&#39;%2F%3E\" data-czlz data-src=\"https:\/\/lei.sarl\/wp-content\/uploads\/2023\/12\/Microscope-PNG-Clipart.png\" class=\"attachment-full\" alt=\"\" title=\"Microscope-PNG-Clipart\" data-srcset=\"https:\/\/lei.sarl\/wp-content\/uploads\/2023\/12\/Microscope-PNG-Clipart.png 1000w, https:\/\/lei.sarl\/wp-content\/uploads\/2023\/12\/Microscope-PNG-Clipart-300x300.png 300w, https:\/\/lei.sarl\/wp-content\/uploads\/2023\/12\/Microscope-PNG-Clipart-150x150.png 150w, https:\/\/lei.sarl\/wp-content\/uploads\/2023\/12\/Microscope-PNG-Clipart-768x768.png 768w, https:\/\/lei.sarl\/wp-content\/uploads\/2023\/12\/Microscope-PNG-Clipart-600x600.png 600w\" data-sizes=\"(max-width: 1000px) 100vw, 1000px\" \/><\/div><\/div><\/div><\/div><div class=\"cz_btn_center\"><div class=\"cz_20905_p\"><a id=\"cz_20905\" class=\"cz_20905 cz_btn cz_btn_txt_no_fx cz_btn_no_fx\" href=\"http:\/\/lei.sarl\/index.php\/a-propos\/\" title=\"Contact\"><span><i class=\"fa fa-wpforms\"><\/i><strong>Savoir plus<\/strong><\/span><b class=\"cz_btn_onhover\"><i class=\"fa fa-wpforms\"><\/i><strong>Savoir plus<\/strong><\/b><\/a><\/div><\/div>[\/vc_column_inner][vc_column_inner width=&#8221;1\/2&#8243;]<div id=\"cz_110938\" class=\"cz_110938 cz_title clr cz_mobile_text_center cz_title_has_icon cz_title_pos_inline\"><div class=\"cz_title_content\"><span class=\"cz_title_icon_before cz_title_image\"><img decoding=\"async\" class=\"\" src=\"data:image\/svg+xml,%3Csvg%20xmlns%3D&#39;http%3A%2F%2Fwww.w3.org%2F2000%2Fsvg&#39;%20width=&#39;48&#39;%20height=&#39;48&#39;%20viewBox%3D&#39;0%200%2048%2048&#39;%2F%3E\" data-czlz data-src=\"https:\/\/lei.sarl\/wp-content\/uploads\/2024\/01\/scientific-1-48x48.png\" width=\"48\" height=\"48\" alt=\"scientific\" title=\"scientific\" loading=\"lazy\" \/><\/span><div class=\"cz_wpe_content\"><p><span style=\"letter-spacing: 6px; color: #4bcddb;\">QUI SOMMES-NOUS<br \/>\n<\/span><\/p>\n<\/div><\/div><\/div><div class=\"cz_gap clr \" style=\"height: 10px\"><\/div><div id=\"cz_110347\" class=\"cz_110347 cz_title clr cz_smart_fs cz_mobile_text_center cz_title_pos_inline\"><div class=\"cz_title_content\"><div class=\"cz_wpe_content\"><h3><span style=\"font-size: 48px;\"><span style=\"font-size: 36px;\">Les experts des \u00e9quipements de laboratoires<\/span><br \/>\n<\/span><\/h3>\n<\/div><\/div><\/div><div class=\"cz_gap clr \" style=\"height: 50px\"><\/div><div id=\"cz_60827\" class=\"cz_60827 cz_title clr cz_mobile_text_center cz_title_pos_inline\"><div class=\"cz_title_content\"><div class=\"cz_wpe_content\"><p><span style=\"font-size: 22px; color: #aaaaaa;\">LAB EXPRESS INTERNATIONAL, Soci\u00e9t\u00e9 de distribution de consommables et d&#8217;instruments scientifiques destin\u00e9s aux utilisateurs dans diff\u00e9rents secteurs : p\u00e9trole, pharmacie, agro-alimentaire et boisson, recherche scientifique et d\u00e9veloppement.\u00a0<\/span><\/p>\n<\/div><\/div><\/div><div class=\"cz_gap clr \" style=\"height: 75px\"><\/div><ul id=\"cz_38862\" class=\"cz_38862 cz_stylish_list clr cz_sl_icon_hover_zoom_in\"><li class=\"clr\"><div class=\"cz_sl_icon\"><i class=\"fas fa-microscope mr10\"><\/i><\/div><div><span>Mat\u00e9riel<\/span><\/div><\/li><li class=\"clr\"><div class=\"cz_sl_icon\"><i class=\"fa czico-043-flask mr10\"><\/i><\/div><div><span>Microbiologie<\/span><\/div><\/li><li class=\"clr\"><div class=\"cz_sl_icon\"><i class=\"fas fa-prescription-bottle mr10\"><\/i><\/div><div><span>Produits chimiques<\/span><\/div><\/li><li class=\"clr\"><div class=\"cz_sl_icon\"><i class=\"fas fa-leaf mr10\"><\/i><\/div><div><span>Biotechnologies<\/span><\/div><\/li><li class=\"clr\"><div class=\"cz_sl_icon\"><i class=\"fa czico-Icon-Action-PriceChart mr10\"><\/i><\/div><div><span>HACCP<\/span><\/div><\/li><li class=\"clr\"><div class=\"cz_sl_icon\"><i class=\"fa czico-026-shield-2 mr10\"><\/i><\/div><div><span>Hygi\u00e8ne et s\u00e9curit\u00e9<\/span><\/div><\/li><li class=\"clr\"><div class=\"cz_sl_icon\"><i class=\"fas fa-filter mr10\"><\/i><\/div><div><span>Pr\u00e9l\u00e8vement<\/span><\/div><\/li><li class=\"clr\"><div class=\"cz_sl_icon\"><i class=\"fas fa-chair mr10\"><\/i><\/div><div><span>Mobilier<\/span><\/div><\/li><\/ul><div class=\"cz_gap clr  hide_on_mobile\" style=\"height: 100px\"><\/div><div class=\"cz_gap show_on_mobile clr\" style=\"height: 25px\"><\/div>[\/vc_column_inner][\/vc_row_inner][\/vc_column][\/vc_row][vc_row][vc_column]<div class=\"cz_gap clr  hide_on_tablet hide_on_mobile\" style=\"height: 125px\"><\/div><div class=\"cz_gap show_on_tablet clr \" style=\"height: 100px\"><\/div><div id=\"cz_73592\" class=\"cz_73592 cz_title clr cz_title_pos_inline tac\"><div class=\"cz_title_content\"><span class=\"cz_line_side_solo\">_<\/span><div class=\"cz_wpe_content\"><h3 style=\"text-align: center;\"><span style=\"font-size: 36px;\">Nos Partenaires<\/span><\/h3>\n<\/div><span class=\"cz_line_side_solo cz_line_side_after\">_<\/span><\/div><\/div><div class=\"cz_gap clr  hide_on_tablet hide_on_mobile\" style=\"height: 100px\"><\/div><div class=\"cz_gap show_on_tablet clr \" style=\"height: 100px\"><\/div>[\/vc_column][\/vc_row][vc_row][vc_column width=&#8221;1\/5&#8243;]<div id=\"cz_34042\" class=\"cz_34042 cz_image clr cz_image_fade_to_top cz_tooltip_up center_on_mobile\"><div class=\"\"  data-title=\"Agro-alimentaire\"><div class=\"cz_image_in\"><div class=\"cz_main_image\"><img decoding=\"async\" width=\"254\" height=\"93\" src=\"data:image\/svg+xml,%3Csvg%20xmlns%3D&#39;http%3A%2F%2Fwww.w3.org%2F2000%2Fsvg&#39;%20width=&#39;254&#39;%20height=&#39;93&#39;%20viewBox%3D&#39;0%200%20254%2093&#39;%2F%3E\" data-czlz data-src=\"https:\/\/lei.sarl\/wp-content\/uploads\/2023\/12\/at2e-logo.png\" class=\"attachment-full\" alt=\"\" title=\"at2e-logo\" \/><\/div><div class=\"cz_hover_image\"><img decoding=\"async\" width=\"254\" height=\"93\" src=\"data:image\/svg+xml,%3Csvg%20xmlns%3D&#39;http%3A%2F%2Fwww.w3.org%2F2000%2Fsvg&#39;%20width=&#39;254&#39;%20height=&#39;93&#39;%20viewBox%3D&#39;0%200%20254%2093&#39;%2F%3E\" data-czlz data-src=\"https:\/\/lei.sarl\/wp-content\/uploads\/2023\/12\/at2e-logo.png\" class=\"attachment-full\" alt=\"\" title=\"at2e-logo\" \/><\/div><\/div><\/div><\/div>[\/vc_column][vc_column width=&#8221;1\/5&#8243;]<div id=\"cz_60667\" class=\"cz_60667 cz_image clr cz_image_fade_to_top cz_tooltip_up center_on_mobile\"><div class=\"\"  data-title=\"Agro-alimentaire\"><div class=\"cz_image_in\"><div class=\"cz_main_image\"><img decoding=\"async\" width=\"238\" height=\"93\" src=\"data:image\/svg+xml,%3Csvg%20xmlns%3D&#39;http%3A%2F%2Fwww.w3.org%2F2000%2Fsvg&#39;%20width=&#39;238&#39;%20height=&#39;93&#39;%20viewBox%3D&#39;0%200%20238%2093&#39;%2F%3E\" data-czlz data-src=\"https:\/\/lei.sarl\/wp-content\/uploads\/2023\/12\/Bentley-logo.png\" class=\"attachment-full\" alt=\"\" title=\"Bentley-logo\" \/><\/div><div class=\"cz_hover_image\"><img decoding=\"async\" width=\"238\" height=\"93\" src=\"data:image\/svg+xml,%3Csvg%20xmlns%3D&#39;http%3A%2F%2Fwww.w3.org%2F2000%2Fsvg&#39;%20width=&#39;238&#39;%20height=&#39;93&#39;%20viewBox%3D&#39;0%200%20238%2093&#39;%2F%3E\" data-czlz data-src=\"https:\/\/lei.sarl\/wp-content\/uploads\/2023\/12\/Bentley-logo.png\" class=\"attachment-full\" alt=\"\" title=\"Bentley-logo\" \/><\/div><\/div><\/div><\/div>[\/vc_column][vc_column width=&#8221;1\/5&#8243;]<div id=\"cz_24543\" class=\"cz_24543 cz_image clr cz_image_fade_to_top cz_tooltip_up center_on_mobile\"><div class=\"\"  data-title=\"Agro-alimentaire\"><div class=\"cz_image_in\"><div class=\"cz_main_image\"><img decoding=\"async\" width=\"291\" height=\"93\" src=\"data:image\/svg+xml,%3Csvg%20xmlns%3D&#39;http%3A%2F%2Fwww.w3.org%2F2000%2Fsvg&#39;%20width=&#39;291&#39;%20height=&#39;93&#39;%20viewBox%3D&#39;0%200%20291%2093&#39;%2F%3E\" data-czlz data-src=\"https:\/\/lei.sarl\/wp-content\/uploads\/2023\/12\/logo-abe.gif\" class=\"attachment-full\" alt=\"\" title=\"logo-abe\" \/><\/div><div class=\"cz_hover_image\"><img decoding=\"async\" width=\"291\" height=\"93\" src=\"data:image\/svg+xml,%3Csvg%20xmlns%3D&#39;http%3A%2F%2Fwww.w3.org%2F2000%2Fsvg&#39;%20width=&#39;291&#39;%20height=&#39;93&#39;%20viewBox%3D&#39;0%200%20291%2093&#39;%2F%3E\" data-czlz data-src=\"https:\/\/lei.sarl\/wp-content\/uploads\/2023\/12\/logo-abe.gif\" class=\"attachment-full\" alt=\"\" title=\"logo-abe\" \/><\/div><\/div><\/div><\/div>[\/vc_column][vc_column width=&#8221;1\/5&#8243;]<div id=\"cz_56646\" class=\"cz_56646 cz_image clr cz_image_fade_to_top cz_tooltip_up center_on_mobile\"><div class=\"\"  data-title=\"Agro-alimentaire\"><div class=\"cz_image_in\"><div class=\"cz_main_image\"><img decoding=\"async\" width=\"366\" height=\"93\" src=\"data:image\/svg+xml,%3Csvg%20xmlns%3D&#39;http%3A%2F%2Fwww.w3.org%2F2000%2Fsvg&#39;%20width=&#39;366&#39;%20height=&#39;93&#39;%20viewBox%3D&#39;0%200%20366%2093&#39;%2F%3E\" data-czlz data-src=\"https:\/\/lei.sarl\/wp-content\/uploads\/2023\/12\/memmert-logo.png\" class=\"attachment-full\" alt=\"\" title=\"memmert-logo\" data-srcset=\"https:\/\/lei.sarl\/wp-content\/uploads\/2023\/12\/memmert-logo.png 366w, https:\/\/lei.sarl\/wp-content\/uploads\/2023\/12\/memmert-logo-300x76.png 300w\" data-sizes=\"(max-width: 366px) 100vw, 366px\" \/><\/div><div class=\"cz_hover_image\"><img decoding=\"async\" width=\"366\" height=\"93\" src=\"data:image\/svg+xml,%3Csvg%20xmlns%3D&#39;http%3A%2F%2Fwww.w3.org%2F2000%2Fsvg&#39;%20width=&#39;366&#39;%20height=&#39;93&#39;%20viewBox%3D&#39;0%200%20366%2093&#39;%2F%3E\" data-czlz data-src=\"https:\/\/lei.sarl\/wp-content\/uploads\/2023\/12\/memmert-logo.png\" class=\"attachment-full\" alt=\"\" title=\"memmert-logo\" data-srcset=\"https:\/\/lei.sarl\/wp-content\/uploads\/2023\/12\/memmert-logo.png 366w, https:\/\/lei.sarl\/wp-content\/uploads\/2023\/12\/memmert-logo-300x76.png 300w\" data-sizes=\"(max-width: 366px) 100vw, 366px\" \/><\/div><\/div><\/div><\/div>[\/vc_column][vc_column width=&#8221;1\/5&#8243;]<div id=\"cz_94015\" class=\"cz_94015 cz_image clr cz_image_fade_to_top cz_tooltip_up center_on_mobile\"><div class=\"\"  data-title=\"V\u00e9t\u00e9rinaire\"><div class=\"cz_image_in\"><div class=\"cz_main_image\"><img decoding=\"async\" width=\"105\" height=\"93\" src=\"data:image\/svg+xml,%3Csvg%20xmlns%3D&#39;http%3A%2F%2Fwww.w3.org%2F2000%2Fsvg&#39;%20width=&#39;105&#39;%20height=&#39;93&#39;%20viewBox%3D&#39;0%200%20105%2093&#39;%2F%3E\" data-czlz data-src=\"https:\/\/lei.sarl\/wp-content\/uploads\/2023\/12\/Minitube-logo.png\" class=\"attachment-full\" alt=\"\" title=\"Minitube-logo\" \/><\/div><div class=\"cz_hover_image\"><img decoding=\"async\" width=\"105\" height=\"93\" src=\"data:image\/svg+xml,%3Csvg%20xmlns%3D&#39;http%3A%2F%2Fwww.w3.org%2F2000%2Fsvg&#39;%20width=&#39;105&#39;%20height=&#39;93&#39;%20viewBox%3D&#39;0%200%20105%2093&#39;%2F%3E\" data-czlz data-src=\"https:\/\/lei.sarl\/wp-content\/uploads\/2023\/12\/Minitube-logo.png\" class=\"attachment-full\" alt=\"\" title=\"Minitube-logo\" \/><\/div><\/div><\/div><\/div>[\/vc_column][\/vc_row][vc_row][vc_column]<div class=\"cz_gap clr \" style=\"height: 100px\"><\/div>[\/vc_column][\/vc_row][vc_row][vc_column]<div class=\"cz_eqh cz_content_box_parent_fx  \"><div id=\"cz_65753\" class=\"cz_65753 cz_content_box clr\"><div class=\"cz_box_front clr\"><div class=\"cz_box_front_inner clr \"><span><\/span><div>[vc_row_inner][vc_column_inner offset=&#8221;vc_col-lg-9&#8243;]<div id=\"cz_76877\" class=\"cz_76877 cz_title clr cz_smart_fs cz_mobile_text_center cz_title_pos_inline\"><div class=\"cz_title_content\"><div class=\"cz_wpe_content\"><h3><span style=\"font-size: 40px;\"><span style=\"color: #18828f;\">Besoin d&#8217;aide ?<\/span> Prenez contact avec nous<\/span><\/h3>\n<p><span style=\"font-size: 24px; color: #aaaaaa;\">Nous sommes l\u00e0 pour vous aider dans vos projects<br \/>\n<\/span><\/p>\n<\/div><\/div><\/div>[\/vc_column_inner][vc_column_inner offset=&#8221;vc_col-lg-3&#8243;]<div class=\"cz_btn_center\"><div class=\"cz_85487_p\"><a id=\"cz_85487\" class=\"cz_85487 cz_btn cz_btn_txt_no_fx cz_btn_no_fx\" href=\"http:\/\/lei.sarl\/index.php\/contact\/\" title=\"Contact\"><span><i class=\"fa fa-wpforms\"><\/i><strong>Contactez-nous<\/strong><\/span><b class=\"cz_btn_onhover\"><i class=\"fa fa-wpforms\"><\/i><strong>Contactez-nous<\/strong><\/b><\/a><\/div><\/div>[\/vc_column_inner][\/vc_row_inner]<\/div><\/div><\/div><\/div><\/div>[\/vc_column][\/vc_row][vc_row full_width=&#8221;stretch_row_content_no_spaces&#8221; css=&#8221;.vc_custom_1575378379792{margin-top: -50px !important;background-color: rgba(75,205,219,0.1) !important;*background-color: rgb(75,205,219) !important;}&#8221;][vc_column]<div class=\"cz_gap clr \" style=\"height: 100px\"><\/div>[\/vc_column][\/vc_row]<\/p>\n<\/div>","protected":false},"excerpt":{"rendered":"<p>[vc_row][vc_column][\/vc_column][\/vc_row][vc_row css=&#8221;.vc_custom_1572080700290{margin-bottom: -100px !important;}&#8221;][vc_column width=&#8221;1\/2&#8243; offset=&#8221;vc_col-lg-3&#8243;][\/vc_column][vc_column width=&#8221;1\/2&#8243; offset=&#8221;vc_col-lg-3&#8243;][\/vc_column][vc_column width=&#8221;1\/2&#8243; offset=&#8221;vc_col-lg-3&#8243;][\/vc_column][vc_column width=&#8221;1\/2&#8243; &#8230; <\/p>\n","protected":false},"author":1,"featured_media":0,"parent":0,"menu_order":0,"comment_status":"closed","ping_status":"closed","template":"","meta":{"footnotes":""},"class_list":["post-1247","page","type-page","status-publish","hentry"],"_links":{"self":[{"href":"https:\/\/lei.sarl\/index.php\/wp-json\/wp\/v2\/pages\/1247","targetHints":{"allow":["GET"]}}],"collection":[{"href":"https:\/\/lei.sarl\/index.php\/wp-json\/wp\/v2\/pages"}],"about":[{"href":"https:\/\/lei.sarl\/index.php\/wp-json\/wp\/v2\/types\/page"}],"author":[{"embeddable":true,"href":"https:\/\/lei.sarl\/index.php\/wp-json\/wp\/v2\/users\/1"}],"replies":[{"embeddable":true,"href":"https:\/\/lei.sarl\/index.php\/wp-json\/wp\/v2\/comments?post=1247"}],"version-history":[{"count":2,"href":"https:\/\/lei.sarl\/index.php\/wp-json\/wp\/v2\/pages\/1247\/revisions"}],"predecessor-version":[{"id":1410,"href":"https:\/\/lei.sarl\/index.php\/wp-json\/wp\/v2\/pages\/1247\/revisions\/1410"}],"wp:attachment":[{"href":"https:\/\/lei.sarl\/index.php\/wp-json\/wp\/v2\/media?parent=1247"}],"curies":[{"name":"wp","href":"https:\/\/api.w.org\/{rel}","templated":true}]}}