{"id":1343,"date":"2024-01-10T14:03:30","date_gmt":"2024-01-10T13:03:30","guid":{"rendered":"https:\/\/carthage-tech.net\/demo\/lei\/?page_id=1343"},"modified":"2024-01-10T14:03:30","modified_gmt":"2024-01-10T13:03:30","slug":"a-propos","status":"publish","type":"page","link":"https:\/\/lei.sarl\/index.php\/a-propos\/","title":{"rendered":"A Propos"},"content":{"rendered":"<div class=\"wpb-content-wrapper\"><p>[vc_row][vc_column width=&#8221;1\/2&#8243;][vc_column_text]Nous mettons notre expertise depuis plus de 15 ans au service des laboratoires.<br \/>\nCette exp\u00e9rience accumul\u00e9e nous permet d\u2019accompagner nos clients sur un ensemble de service.<\/p>\n<p>Quel que soit votre domaine d&#8217;int\u00e9r\u00eat dans divers secteurs &#8211; des industries pharmaceutiques et biotechnologiques aux laboratoires de diagnostic clinique et de recherche, des h\u00f4pitaux, universit\u00e9s et agences gouvernementales \u00e0 l&#8217;analyse environnementale et au contr\u00f4le des processus industriels &#8211; notre \u00e9quipe est pr\u00eate \u00e0 vous aider \u00e0 accro\u00eetre votre productivit\u00e9 et \u00e0 stimuler l&#8217;innovation avec plus de facilit\u00e9 et d&#8217;efficacit\u00e9 que jamais auparavant.[\/vc_column_text][\/vc_column][vc_column width=&#8221;1\/2&#8243;]<div id=\"cz_26894\" class=\"cz_26894 cz_image clr cz_image_no_fx center_on_mobile\"><div class=\"\" ><div class=\"cz_image_in\"><div class=\"cz_main_image\"><img decoding=\"async\" width=\"2309\" height=\"1299\" src=\"data:image\/svg+xml,%3Csvg%20xmlns%3D&#39;http%3A%2F%2Fwww.w3.org%2F2000%2Fsvg&#39;%20width=&#39;2309&#39;%20height=&#39;1299&#39;%20viewBox%3D&#39;0%200%202309%201299&#39;%2F%3E\" data-czlz data-src=\"https:\/\/lei.sarl\/wp-content\/uploads\/2024\/01\/lab.jpg\" class=\"attachment-full\" alt=\"\" title=\"\" data-srcset=\"https:\/\/lei.sarl\/wp-content\/uploads\/2024\/01\/lab.jpg 2309w, https:\/\/lei.sarl\/wp-content\/uploads\/2024\/01\/lab-300x169.jpg 300w, https:\/\/lei.sarl\/wp-content\/uploads\/2024\/01\/lab-1024x576.jpg 1024w, https:\/\/lei.sarl\/wp-content\/uploads\/2024\/01\/lab-768x432.jpg 768w, https:\/\/lei.sarl\/wp-content\/uploads\/2024\/01\/lab-1536x864.jpg 1536w, https:\/\/lei.sarl\/wp-content\/uploads\/2024\/01\/lab-2048x1152.jpg 2048w, https:\/\/lei.sarl\/wp-content\/uploads\/2024\/01\/lab-600x338.jpg 600w\" data-sizes=\"(max-width: 2309px) 100vw, 2309px\" \/><\/div><\/div><\/div><\/div>[\/vc_column][\/vc_row][vc_row][vc_column]<div class=\"cz_gap clr \" style=\"height: 80px\"><\/div>[\/vc_column][\/vc_row][vc_row][vc_column width=&#8221;1\/2&#8243;]<div id=\"cz_54970\" class=\"cz_54970 cz_image clr cz_image_no_fx center_on_mobile\"><div class=\"\" ><div class=\"cz_image_in\"><div class=\"cz_main_image\"><img decoding=\"async\" width=\"1280\" height=\"720\" src=\"data:image\/svg+xml,%3Csvg%20xmlns%3D&#39;http%3A%2F%2Fwww.w3.org%2F2000%2Fsvg&#39;%20width=&#39;1280&#39;%20height=&#39;720&#39;%20viewBox%3D&#39;0%200%201280%20720&#39;%2F%3E\" data-czlz data-src=\"https:\/\/lei.sarl\/wp-content\/uploads\/2024\/01\/lab-2.jpg\" class=\"attachment-full\" alt=\"\" title=\"lab-2\" data-srcset=\"https:\/\/lei.sarl\/wp-content\/uploads\/2024\/01\/lab-2.jpg 1280w, https:\/\/lei.sarl\/wp-content\/uploads\/2024\/01\/lab-2-300x169.jpg 300w, https:\/\/lei.sarl\/wp-content\/uploads\/2024\/01\/lab-2-1024x576.jpg 1024w, https:\/\/lei.sarl\/wp-content\/uploads\/2024\/01\/lab-2-768x432.jpg 768w, https:\/\/lei.sarl\/wp-content\/uploads\/2024\/01\/lab-2-600x338.jpg 600w\" data-sizes=\"(max-width: 1280px) 100vw, 1280px\" \/><\/div><\/div><\/div><\/div>[\/vc_column][vc_column width=&#8221;1\/2&#8243;][vc_column_text]En partant d\u2019une feuille vierge ou d\u2019un laboratoire pr\u00e9existant, nos sp\u00e9cialistes vous proposent l\u2019am\u00e9nagement qui garantira le succ\u00e8s de vos essais. En vous accompagnant tout au long du processus, des plans \u00e0 l\u2019installation du mobilier et des \u00e9quipements scientifiques, Lab Express International sera votre interlocuteur unique et prendra en charge votre projet de A \u00e0 Z.<\/p>\n<p>Nos produits essentiels de laboratoire et de production comprennent :<\/p>\n<ul>\n<li>R\u00e9actifs et produits chimiques<\/li>\n<li>\u00c9quipements et instruments<\/li>\n<li>Consommables<\/li>\n<li>Mat\u00e9riaux de fabrication<\/li>\n<li>Produits de s\u00e9curit\u00e9<\/li>\n<li>Services de support<\/li>\n<\/ul>\n<p>[\/vc_column_text][\/vc_column][\/vc_row]<\/p>\n<\/div>","protected":false},"excerpt":{"rendered":"<p>[vc_row][vc_column width=&#8221;1\/2&#8243;][vc_column_text]Nous mettons notre expertise depuis plus de 15 ans au &#8230; <\/p>\n","protected":false},"author":1,"featured_media":0,"parent":0,"menu_order":0,"comment_status":"closed","ping_status":"closed","template":"","meta":{"footnotes":""},"class_list":["post-1343","page","type-page","status-publish","hentry"],"_links":{"self":[{"href":"https:\/\/lei.sarl\/index.php\/wp-json\/wp\/v2\/pages\/1343","targetHints":{"allow":["GET"]}}],"collection":[{"href":"https:\/\/lei.sarl\/index.php\/wp-json\/wp\/v2\/pages"}],"about":[{"href":"https:\/\/lei.sarl\/index.php\/wp-json\/wp\/v2\/types\/page"}],"author":[{"embeddable":true,"href":"https:\/\/lei.sarl\/index.php\/wp-json\/wp\/v2\/users\/1"}],"replies":[{"embeddable":true,"href":"https:\/\/lei.sarl\/index.php\/wp-json\/wp\/v2\/comments?post=1343"}],"version-history":[{"count":0,"href":"https:\/\/lei.sarl\/index.php\/wp-json\/wp\/v2\/pages\/1343\/revisions"}],"wp:attachment":[{"href":"https:\/\/lei.sarl\/index.php\/wp-json\/wp\/v2\/media?parent=1343"}],"curies":[{"name":"wp","href":"https:\/\/api.w.org\/{rel}","templated":true}]}}