{"id":1351,"date":"2024-01-10T14:44:41","date_gmt":"2024-01-10T13:44:41","guid":{"rendered":"https:\/\/carthage-tech.net\/demo\/lei\/?page_id=1351"},"modified":"2024-04-25T15:56:46","modified_gmt":"2024-04-25T13:56:46","slug":"nos-partenaires","status":"publish","type":"page","link":"https:\/\/lei.sarl\/index.php\/nos-partenaires\/","title":{"rendered":"Nos Partenaires"},"content":{"rendered":"<div class=\"wpb-content-wrapper\"><p>[vc_row][vc_column]<div id=\"cz_59451\" class=\"cz_59451 cz_tabs clr cz_tabs_htc\"><div class=\"cz_tabs_content\"><a class=\"cz_tab_a hide\" data-tab=\"cz_45743\" href=\"#\"><i class=\"cz_tab_icon fas fa-microscope mr8\" style=\"font-size:26px;\"><\/i><span class=\"cz_tab_in_title\">Recherche biomol\u00e9culaire<\/span><\/a><div id=\"cz_45743\" class=\"cz_tab\"><div>[vc_row_inner][vc_column_inner width=&#8221;1\/4&#8243;][vc_single_image image=&#8221;1385&#8243; img_size=&#8221;120&#215;40&#8243; alignment=&#8221;center&#8221;][\/vc_column_inner][vc_column_inner width=&#8221;3\/4&#8243;][vc_column_text]<a href=\"https:\/\/www.cleaverscientific.com\/\" target=\"_blank\" rel=\"noopener\">Fabricant des produits pour l\u2019\u00e9lectrophor\u00e8se et la recherche en science de la vie<\/a>[\/vc_column_text][\/vc_column_inner][\/vc_row_inner]<\/div><\/div><a class=\"cz_tab_a hide\" data-tab=\"cz_34113\" href=\"#\"><i class=\"cz_tab_icon fas fa-capsules mr8\" style=\"font-size:26px;\"><\/i><span class=\"cz_tab_in_title\">Pharmaceutique<\/span><\/a><div id=\"cz_34113\" class=\"cz_tab\"><div>[vc_row_inner][vc_column_inner width=&#8221;1\/4&#8243;][vc_single_image image=&#8221;1380&#8243; img_size=&#8221;120&#215;45&#8243; alignment=&#8221;center&#8221;][\/vc_column_inner][vc_column_inner width=&#8221;3\/4&#8243;][vc_column_text]<a href=\"https:\/\/www.sysmex.com\/us\/\" target=\"_blank\" rel=\"noopener\">Sysmex offre une technologie innovante de tests d&#8217;h\u00e9matologie, d&#8217;analyse d&#8217;urine et de cytom\u00e9trie en flux remod\u00e8le le monde du diagnostic<\/a>[\/vc_column_text][\/vc_column_inner][\/vc_row_inner][vc_row_inner][vc_column_inner width=&#8221;1\/4&#8243;][vc_single_image image=&#8221;1381&#8243; img_size=&#8221;120&#215;70&#8243; alignment=&#8221;center&#8221;][\/vc_column_inner][vc_column_inner width=&#8221;3\/4&#8243;][vc_column_text]<a href=\"https:\/\/mesalabs.com\/\" target=\"_blank\" rel=\"noopener\">Fabricant des indicateurs de st\u00e9rilisation<\/a>[\/vc_column_text][\/vc_column_inner][\/vc_row_inner][vc_row_inner][vc_column_inner width=&#8221;1\/4&#8243;][vc_single_image image=&#8221;1382&#8243; img_size=&#8221;120&#215;67&#8243; alignment=&#8221;center&#8221;][\/vc_column_inner][vc_column_inner width=&#8221;3\/4&#8243;][vc_column_text]<a href=\"https:\/\/www.usp.org\/\" target=\"_blank\" rel=\"noopener\">L&#8217;USP est une organisation scientifique ind\u00e9pendante \u00e0 but non lucratif dont l&#8217;objectif est d&#8217;instaurer la confiance dans la fourniture de m\u00e9dicaments s\u00fbrs et de qualit\u00e9.<\/a>[\/vc_column_text][\/vc_column_inner][\/vc_row_inner][vc_row_inner][vc_column_inner width=&#8221;1\/4&#8243;][vc_single_image image=&#8221;1311&#8243; img_size=&#8221;120&#215;30&#8243; alignment=&#8221;center&#8221;][\/vc_column_inner][vc_column_inner width=&#8221;3\/4&#8243;][vc_column_text]<a href=\"https:\/\/www.memmert.com\/fr\/home\/\" target=\"_blank\" rel=\"noopener\">Le leader de l\u2019innovation dans le d\u00e9veloppement d\u2019\u00e9tuves, d\u2019incubateurs, d\u2019enceintes climatiques et de bains-marie.<\/a>[\/vc_column_text][\/vc_column_inner][\/vc_row_inner]<\/div><\/div><a class=\"cz_tab_a hide\" data-tab=\"cz_38593\" href=\"#\"><i class=\"cz_tab_icon fas fa-seedling mr8\" style=\"font-size:26px;\"><\/i><span class=\"cz_tab_in_title\">Environnement<\/span><\/a><div id=\"cz_38593\" class=\"cz_tab\"><div>[vc_row_inner][vc_column_inner width=&#8221;1\/4&#8243;][vc_single_image image=&#8221;1377&#8243; img_size=&#8221;120&#215;82&#8243; alignment=&#8221;center&#8221;][\/vc_column_inner][vc_column_inner width=&#8221;3\/4&#8243;][vc_column_text]<a href=\"https:\/\/fr.hach.com\/\" target=\"_blank\" rel=\"noopener\">Fabricant et distributeur des instruments analytiques et des r\u00e9actifs pour tester la qualit\u00e9 de lots et d\u2019autre solution liquide<\/a>[\/vc_column_text][\/vc_column_inner][\/vc_row_inner][vc_row_inner][vc_column_inner width=&#8221;1\/4&#8243;][vc_single_image image=&#8221;1378&#8243; img_size=&#8221;120&#215;34&#8243; alignment=&#8221;center&#8221;][\/vc_column_inner][vc_column_inner width=&#8221;3\/4&#8243;][vc_column_text]<a href=\"https:\/\/www.ellona.io\/\" target=\"_blank\" rel=\"noopener\">Ellona fournit des solutions avanc\u00e9es d&#8217;intelligence environnementale, collectant et enrichissant les donn\u00e9es sur les conditions per\u00e7ues, tant ext\u00e9rieures qu&#8217;int\u00e9rieures, au profit des d\u00e9cideurs.<\/a>[\/vc_column_text][\/vc_column_inner][\/vc_row_inner][vc_row_inner][vc_column_inner width=&#8221;1\/4&#8243;][vc_single_image image=&#8221;1379&#8243; img_size=&#8221;120&#215;90&#8243; alignment=&#8221;center&#8221;][\/vc_column_inner][vc_column_inner width=&#8221;3\/4&#8243;][vc_column_text]<a href=\"https:\/\/sauermanngroup.com\/fr-FR\" target=\"_blank\" rel=\"noopener\">Fabricant d\u2019instruments de mesure pour l\u2019air et de la concentration de diff\u00e9rents gaz<\/a>[\/vc_column_text][\/vc_column_inner][\/vc_row_inner][vc_row_inner][vc_column_inner width=&#8221;1\/4&#8243;][vc_single_image image=&#8221;1416&#8243; img_size=&#8221;120&#215;28&#8243; alignment=&#8221;center&#8221; css=&#8221;&#8221;][\/vc_column_inner][vc_column_inner width=&#8221;3\/4&#8243;][vc_column_text css=&#8221;&#8221;]<a href=\"https:\/\/www.anatecs.fr\/\" target=\"_blank\" rel=\"noopener\">Solutions pour les mesures professionnelles en mati\u00e8re d\u2019hygi\u00e8ne, d\u2019environnement, de bruit et une gamme compl\u00e8te de d\u00e9tecteurs de gaz.<\/a>[\/vc_column_text][\/vc_column_inner][\/vc_row_inner]<\/div><\/div><a class=\"cz_tab_a hide\" data-tab=\"cz_72135\" href=\"#\"><i class=\"cz_tab_icon fas fa-paw mr8\" style=\"font-size:26px;\"><\/i><span class=\"cz_tab_in_title\">V\u00e9t\u00e9rinaire<\/span><\/a><div id=\"cz_72135\" class=\"cz_tab\"><div>[vc_row_inner][vc_column_inner width=&#8221;1\/4&#8243;][vc_single_image image=&#8221;1312&#8243; img_size=&#8221;105&#215;93&#8243; alignment=&#8221;center&#8221;][\/vc_column_inner][vc_column_inner width=&#8221;3\/4&#8243;][vc_column_text]<a href=\"https:\/\/www.minitube.com\/\" target=\"_blank\" rel=\"noopener\">Un fournisseur mondial de premier plan de syst\u00e8mes pour la technologie de reproduction des animaux d\u2019\u00e9levage et de compagnie dans les domaines de l\u2019ins\u00e9mination artificielle, transfert d\u2019embryons et Biotechniques.<\/a>[\/vc_column_text][\/vc_column_inner][\/vc_row_inner]<\/div><\/div><a class=\"cz_tab_a hide\" data-tab=\"cz_96714\" href=\"#\"><i class=\"cz_tab_icon fas fa-industry mr8\" style=\"font-size:26px;\"><\/i><span class=\"cz_tab_in_title\">Agro-alimentaire<\/span><\/a><div id=\"cz_96714\" class=\"cz_tab\"><div>[vc_row_inner][vc_column_inner width=&#8221;1\/4&#8243;][vc_single_image image=&#8221;1309&#8243; img_size=&#8221;120&#215;46&#8243; alignment=&#8221;center&#8221;][\/vc_column_inner][vc_column_inner width=&#8221;3\/4&#8243;][vc_empty_space height=&#8221;10px&#8221;][vc_column_text]<a href=\"https:\/\/bentleyinstruments.com\/\" target=\"_blank\" rel=\"noopener\">D\u00e9veloppe et fabrique des appareils pour l\u2019analyse du lait et des produits laitiers. A la pointe de la technologie.<\/a>[\/vc_column_text][\/vc_column_inner][\/vc_row_inner][vc_row_inner][vc_column_inner width=&#8221;1\/4&#8243;][vc_single_image image=&#8221;1310&#8243; img_size=&#8221;120&#215;38&#8243; alignment=&#8221;center&#8221;][\/vc_column_inner][vc_column_inner width=&#8221;3\/4&#8243;][vc_column_text]<a href=\"https:\/\/www.alliance-bio-expertise.com\/fr\/\" target=\"_blank\" rel=\"noopener\">Fabricant de milieux de cultures d\u00e9shydrat\u00e9s, pr\u00eat \u00e0 l\u2019emploi irradi\u00e9s, la m\u00e9trologie des bio collecteurs, la station de d\u00e9contamination OZZON et les souches ATCC<\/a>[\/vc_column_text][\/vc_column_inner][\/vc_row_inner][vc_row_inner][vc_column_inner width=&#8221;1\/4&#8243;][vc_single_image image=&#8221;1308&#8243; img_size=&#8221;120&#215;44&#8243; alignment=&#8221;center&#8221;][\/vc_column_inner][vc_column_inner width=&#8221;3\/4&#8243;][vc_column_text]<a href=\"https:\/\/at2e.com\/fr\/\" target=\"_blank\" rel=\"noopener\">\u00c9quipements de Test, Contr\u00f4le Emballage, \u00c9quipements de Contr\u00f4le Qualit\u00e9, Appareils de contr\u00f4le qualit\u00e9 pour l\u2019emballage et les industries des boissons, agro-alimentaires, pharmaceutique, cosm\u00e9tique, chimie et autres.<\/a>[\/vc_column_text][\/vc_column_inner][\/vc_row_inner][vc_row_inner][vc_column_inner width=&#8221;1\/4&#8243;][vc_single_image image=&#8221;1384&#8243; img_size=&#8221;120&#215;62&#8243; alignment=&#8221;center&#8221;][\/vc_column_inner][vc_column_inner width=&#8221;3\/4&#8243;][vc_column_text]<a href=\"https:\/\/www.neogene.com\/\" target=\"_blank\" rel=\"noopener\">Neogene Therapeutics est une soci\u00e9t\u00e9 mondiale de biotechnologie au stade clinique, pionni\u00e8re dans la d\u00e9couverte, le d\u00e9veloppement et la fabrication de th\u00e9rapies de r\u00e9cepteurs de cellules T (TCR) de nouvelle g\u00e9n\u00e9ration ciblant un large spectre de cancers solides.<\/a>[\/vc_column_text][\/vc_column_inner][\/vc_row_inner][vc_row_inner][vc_column_inner width=&#8221;1\/4&#8243;][vc_single_image image=&#8221;1388&#8243; img_size=&#8221;120&#215;39&#8243; alignment=&#8221;center&#8221;][\/vc_column_inner][vc_column_inner width=&#8221;3\/4&#8243;][vc_column_text]<a href=\"https:\/\/aokin.de\/?lang=en\" target=\"_blank\" rel=\"noopener\">Sp\u00e9cialiste dans l&#8217;analyse des mycotoxines, des endotoxines et de la ricine, d\u00e9veloppe des \u00e9tudes personnalis\u00e9es sur l&#8217;adsorption des mycotoxines et utilise des mod\u00e8les gastro-intestinaux pour \u00e9valuer la biodisponibilit\u00e9 des toxines.<\/a>[\/vc_column_text][\/vc_column_inner][\/vc_row_inner]<\/div><\/div><\/div><\/div>[\/vc_column][\/vc_row]<\/p>\n<\/div>","protected":false},"excerpt":{"rendered":"<p>[vc_row][vc_column][\/vc_column][\/vc_row] &#8230; <\/p>\n","protected":false},"author":1,"featured_media":0,"parent":0,"menu_order":0,"comment_status":"closed","ping_status":"closed","template":"","meta":{"footnotes":""},"class_list":["post-1351","page","type-page","status-publish","hentry"],"_links":{"self":[{"href":"https:\/\/lei.sarl\/index.php\/wp-json\/wp\/v2\/pages\/1351","targetHints":{"allow":["GET"]}}],"collection":[{"href":"https:\/\/lei.sarl\/index.php\/wp-json\/wp\/v2\/pages"}],"about":[{"href":"https:\/\/lei.sarl\/index.php\/wp-json\/wp\/v2\/types\/page"}],"author":[{"embeddable":true,"href":"https:\/\/lei.sarl\/index.php\/wp-json\/wp\/v2\/users\/1"}],"replies":[{"embeddable":true,"href":"https:\/\/lei.sarl\/index.php\/wp-json\/wp\/v2\/comments?post=1351"}],"version-history":[{"count":2,"href":"https:\/\/lei.sarl\/index.php\/wp-json\/wp\/v2\/pages\/1351\/revisions"}],"predecessor-version":[{"id":1417,"href":"https:\/\/lei.sarl\/index.php\/wp-json\/wp\/v2\/pages\/1351\/revisions\/1417"}],"wp:attachment":[{"href":"https:\/\/lei.sarl\/index.php\/wp-json\/wp\/v2\/media?parent=1351"}],"curies":[{"name":"wp","href":"https:\/\/api.w.org\/{rel}","templated":true}]}}